{"id":20,"date":"2024-03-31T04:51:18","date_gmt":"2024-03-31T03:51:18","guid":{"rendered":"https:\/\/luzeficientedinamica.com\/?post_type=product&#038;p=20"},"modified":"2024-03-31T05:07:08","modified_gmt":"2024-03-31T03:07:08","slug":"cob-oval-2017","status":"publish","type":"product","link":"https:\/\/luzeficientedinamica.com\/?product=cob-oval-2017","title":{"rendered":"COB OVAL 2017"},"content":{"rendered":"<p>Nuestra gama alta para alumbrado p\u00fablico con nuevo dise\u00f1o est\u00e1 fabricado en aluminio virgen 100%, con pintura electrost\u00e1tica al horno con terminados met\u00e1licos. Cuenta con la nueva tecnolog\u00eda CREE \u201cceramic COB\u201d, -0.1% de degradaci\u00f3n, esto es 150,000 horas a\u00fan con el 70% de intensidad. Nuevo lente con GARANTIA DE TRANSPARENCIA DE POR VIDA, dise\u00f1o especial para mayores aperturas, interpostales sin l\u00edneas de distorsi\u00f3n de color, transferencia de luz del 97% y 2\u201d de grosor para protecci\u00f3n antivandalismo.<br \/>Driver LED M\u00c9XICO con componentes de hasta 100,000 horas de vida trabajando en temperaturas internas de 40\u00b0C, FP inigualable: &gt;0.99, menor distorsi\u00f3n arm\u00f3nica \u02c24.5%. Lista para soportar impactos IK-10, anti vandalismo.<\/p>\n","protected":false},"excerpt":{"rendered":"<p>ALUMBRADO P\u00daBLICO<br \/>VERSI\u00d3N 2017<\/p>\n","protected":false},"featured_media":21,"comment_status":"open","ping_status":"closed","template":"","meta":{"site-sidebar-layout":"default","site-content-layout":"","ast-site-content-layout":"default","site-content-style":"default","site-sidebar-style":"default","ast-global-header-display":"","ast-banner-title-visibility":"","ast-main-header-display":"","ast-hfb-above-header-display":"","ast-hfb-below-header-display":"","ast-hfb-mobile-header-display":"","site-post-title":"","ast-breadcrumbs-content":"","ast-featured-img":"","footer-sml-layout":"","ast-disable-related-posts":"","theme-transparent-header-meta":"","adv-header-id-meta":"","stick-header-meta":"","header-above-stick-meta":"","header-main-stick-meta":"","header-below-stick-meta":"","astra-migrate-meta-layouts":"default","ast-page-background-enabled":"default","ast-page-background-meta":{"desktop":{"background-color":"var(--ast-global-color-5)","background-image":"","background-repeat":"repeat","background-position":"center center","background-size":"auto","background-attachment":"scroll","background-type":"","background-media":"","overlay-type":"","overlay-color":"","overlay-opacity":"","overlay-gradient":""},"tablet":{"background-color":"","background-image":"","background-repeat":"repeat","background-position":"center center","background-size":"auto","background-attachment":"scroll","background-type":"","background-media":"","overlay-type":"","overlay-color":"","overlay-opacity":"","overlay-gradient":""},"mobile":{"background-color":"","background-image":"","background-repeat":"repeat","background-position":"center center","background-size":"auto","background-attachment":"scroll","background-type":"","background-media":"","overlay-type":"","overlay-color":"","overlay-opacity":"","overlay-gradient":""}},"ast-content-background-meta":{"desktop":{"background-color":"var(--ast-global-color-4)","background-image":"","background-repeat":"repeat","background-position":"center center","background-size":"auto","background-attachment":"scroll","background-type":"","background-media":"","overlay-type":"","overlay-color":"","overlay-opacity":"","overlay-gradient":""},"tablet":{"background-color":"var(--ast-global-color-4)","background-image":"","background-repeat":"repeat","background-position":"center center","background-size":"auto","background-attachment":"scroll","background-type":"","background-media":"","overlay-type":"","overlay-color":"","overlay-opacity":"","overlay-gradient":""},"mobile":{"background-color":"var(--ast-global-color-4)","background-image":"","background-repeat":"repeat","background-position":"center center","background-size":"auto","background-attachment":"scroll","background-type":"","background-media":"","overlay-type":"","overlay-color":"","overlay-opacity":"","overlay-gradient":""}}},"product_brand":[],"product_cat":[18],"product_tag":[19],"class_list":{"0":"post-20","1":"product","2":"type-product","3":"status-publish","4":"has-post-thumbnail","6":"product_cat-alumbrado-publico","7":"product_tag-alumbrado-publico","8":"desktop-align-left","9":"tablet-align-left","10":"mobile-align-left","12":"first","13":"instock","14":"shipping-taxable","15":"product-type-grouped"},"jetpack_sharing_enabled":true,"_links":{"self":[{"href":"https:\/\/luzeficientedinamica.com\/index.php?rest_route=\/wp\/v2\/product\/20","targetHints":{"allow":["GET"]}}],"collection":[{"href":"https:\/\/luzeficientedinamica.com\/index.php?rest_route=\/wp\/v2\/product"}],"about":[{"href":"https:\/\/luzeficientedinamica.com\/index.php?rest_route=\/wp\/v2\/types\/product"}],"replies":[{"embeddable":true,"href":"https:\/\/luzeficientedinamica.com\/index.php?rest_route=%2Fwp%2Fv2%2Fcomments&post=20"}],"wp:featuredmedia":[{"embeddable":true,"href":"https:\/\/luzeficientedinamica.com\/index.php?rest_route=\/wp\/v2\/media\/21"}],"wp:attachment":[{"href":"https:\/\/luzeficientedinamica.com\/index.php?rest_route=%2Fwp%2Fv2%2Fmedia&parent=20"}],"wp:term":[{"taxonomy":"product_brand","embeddable":true,"href":"https:\/\/luzeficientedinamica.com\/index.php?rest_route=%2Fwp%2Fv2%2Fproduct_brand&post=20"},{"taxonomy":"product_cat","embeddable":true,"href":"https:\/\/luzeficientedinamica.com\/index.php?rest_route=%2Fwp%2Fv2%2Fproduct_cat&post=20"},{"taxonomy":"product_tag","embeddable":true,"href":"https:\/\/luzeficientedinamica.com\/index.php?rest_route=%2Fwp%2Fv2%2Fproduct_tag&post=20"}],"curies":[{"name":"wp","href":"https:\/\/api.w.org\/{rel}","templated":true}]}}